{"id":1660,"date":"2021-08-12T12:01:50","date_gmt":"2021-08-12T09:01:50","guid":{"rendered":"https:\/\/pomppulinnapark.fi\/?page_id=1660"},"modified":"2024-10-07T16:43:06","modified_gmt":"2024-10-07T13:43:06","slug":"toimitusehdot","status":"publish","type":"page","link":"https:\/\/pomppulinnapark.fi\/en\/toimitusehdot\/","title":{"rendered":"Delivery conditions"},"content":{"rendered":"<div data-elementor-type=\"wp-page\" data-elementor-id=\"1660\" class=\"elementor elementor-1660\" data-elementor-post-type=\"page\">\n\t\t\t\t\t\t<section class=\"elementor-section elementor-top-section elementor-element elementor-element-447599d elementor-section-boxed elementor-section-height-default elementor-section-height-default\" data-id=\"447599d\" data-element_type=\"section\" data-e-type=\"section\" data-settings=\"{&quot;background_background&quot;:&quot;classic&quot;}\">\n\t\t\t\t\t\t<div class=\"elementor-container elementor-column-gap-default\">\n\t\t\t\t\t<div class=\"elementor-column elementor-col-100 elementor-top-column elementor-element elementor-element-4058f1c\" data-id=\"4058f1c\" data-element_type=\"column\" data-e-type=\"column\">\n\t\t\t<div class=\"elementor-widget-wrap elementor-element-populated\">\n\t\t\t\t\t\t<div class=\"elementor-element elementor-element-df19024 elementor-widget elementor-widget-heading\" data-id=\"df19024\" data-element_type=\"widget\" data-e-type=\"widget\" data-widget_type=\"heading.default\">\n\t\t\t\t<div class=\"elementor-widget-container\">\n\t\t\t\t\t<h1 class=\"elementor-heading-title elementor-size-default\">Delivery conditions<\/h1>\t\t\t\t<\/div>\n\t\t\t\t<\/div>\n\t\t\t\t\t<\/div>\n\t\t<\/div>\n\t\t\t\t\t<\/div>\n\t\t<\/section>\n\t\t\t\t<section class=\"elementor-section elementor-top-section elementor-element elementor-element-e98a1da elementor-section-boxed elementor-section-height-default elementor-section-height-default\" data-id=\"e98a1da\" data-element_type=\"section\" data-e-type=\"section\">\n\t\t\t\t\t\t<div class=\"elementor-container elementor-column-gap-default\">\n\t\t\t\t\t<div class=\"elementor-column elementor-col-100 elementor-top-column elementor-element elementor-element-3ee48ed\" data-id=\"3ee48ed\" data-element_type=\"column\" data-e-type=\"column\">\n\t\t\t<div class=\"elementor-widget-wrap elementor-element-populated\">\n\t\t\t\t\t\t<div class=\"elementor-element elementor-element-ce0a7a3 elementor-widget elementor-widget-text-editor\" data-id=\"ce0a7a3\" data-element_type=\"widget\" data-e-type=\"widget\" data-widget_type=\"text-editor.default\">\n\t\t\t\t<div class=\"elementor-widget-container\">\n\t\t\t\t\t\t\t\t\t<p><b>Ordering and delivery conditions <\/b><span style=\"font-weight: 400;\">The online store of Pomppulinnapark is an online service operated by Irti Maasta Oy (business ID: 2659037-9, c\/o Kummelipolku 5a, 02330 Espoo, Finland), where you can buy vouchers and admission products such as serial tickets as well as promotional products such as passes or serial tickets at promotional prices.<\/span><\/p><p><span style=\"font-weight: 400;\">You do not need to register to use the online shop. By using the online service, you agree to be bound by these terms and conditions. For the purposes of these terms and conditions, a Ticketed Product means an admission, promotional or voucher product paid for in the Online Shop.<\/span><\/p><p><b>Prices, Product Information and Validity Periods <\/b><span style=\"font-weight: 400;\">The price of a ticket product is the price displayed in the online shop in connection with the product information at the time of ordering, including VAT. Any delivery charges will be added to the price.<\/span><\/p><p><span style=\"font-weight: 400;\">Products from the online shop are only valid as admission products or means of payment at Pomppulinnapark, unless otherwise stated in the individual ticket product.<\/span><\/p><p><span style=\"font-weight: 400;\">A Ticket Product purchased from the Online Shop is valid from the date of purchase. The validity period of ticket products varies and the validity of each product can be seen in the product information before purchase.<\/span><\/p><p><b>Ordering and Delivery <\/b><span style=\"font-weight: 400;\">Ticket products are ordered online by adding them to your shopping cart and paying for the contents of the cart at the online checkout. The contract comes into force once you have placed your order in our online shop system.<\/span><\/p><p><span style=\"font-weight: 400;\">After a successful order, we will send an order confirmation to the email address you gave us at the time of purchase. If you have selected email as the delivery method for your Tickets, you will receive a separate message containing the paid Tickets. The processing and delivery time for Ticket products delivered by post is 3-5 working days.<\/span><\/p><p><span style=\"font-weight: 400;\">At the reception of destinations, you can display tickets digitally. If you wish, you can also print the tickets.<\/span><\/p><p><span style=\"font-weight: 400;\">Any delivery charges will be determined in accordance with the current price list and will be available for inspection before payment is made.<\/span><\/p><p><span style=\"font-weight: 400;\">If the Ticket Products selected for electronic delivery have not arrived in your inbox within one (1) day of payment, please contact Customer Service by email.<\/span><\/p><p><b>Payment service provider <\/b><span style=\"font-weight: 400;\">Paytrail Oyj (2122839-7) is the payment intermediary and payment service provider in cooperation with Nets and banks. Paytrail Oyj appears as the payee on the statement and forwards the payment to the merchant. Paytrail Oyj is a licensed payment institution. In case of complaints, please contact the online merchant in the first instance.<\/span><\/p><p><span style=\"font-weight: 400;\">Paytrail Plc<\/span><\/p><p><span style=\"font-weight: 400;\">Business ID: 2122839-7<br \/><\/span><span style=\"font-weight: 400;\">Innova 2<br \/><\/span><span style=\"font-weight: 400;\">Lutakonaukio 7<br \/><\/span><span style=\"font-weight: 400;\">40100 Jyv\u00e4skyl\u00e4, Finland<\/span><\/p><p><span style=\"font-weight: 400;\">Telephone: +358 207 181 830<br \/><\/span><a href=\"http:\/\/www.paytrail.com\"><span style=\"font-weight: 400;\">www.paytrail.com<\/span><\/a><\/p><p><b>Right of Exchange and Return <\/b><span style=\"font-weight: 400;\">Unused ticket products will not be redeemed, refunded or exchanged for cash. Lost Ticket Products will not be replaced or refunded. Unused single, series or other tickets purchased online are not subject to cancellation (Consumer Protection Act Chapter 6, \u00a716, Section 11).<\/span><\/p><p><b>The Overwhelming Barrier <\/b><span style=\"font-weight: 400;\">Pomppulinnapark is not liable for delays or failure to provide services caused by force majeure, or for any direct or indirect damage or loss caused by such delays or failure. We will endeavour to notify customers of force majeure as soon as possible.<\/span><\/p><p><b>Changes to the Terms of Delivery <\/b><span style=\"font-weight: 400;\">Bouncy Castle Park has the right to change these terms and conditions if the change is necessary due to legislation or an official decision.<\/span><\/p><p><b>Customer Complaints and Dispute Resolution <\/b><span style=\"font-weight: 400;\">If you are dissatisfied with the service you have received, please contact our customer service.<\/span><\/p><p><span style=\"font-weight: 400;\">If the matter cannot be resolved through negotiation, you can take the matter to the Consumer Disputes Board (<a href=\"http:\/\/www.kuluttajariita.fi\">www.kuluttajariita.fi<\/a>). Before taking your case to the Consumer Disputes Board, you should contact the Consumer Advice Centre.<\/span><\/p>\t\t\t\t\t\t\t\t<\/div>\n\t\t\t\t<\/div>\n\t\t\t\t\t<\/div>\n\t\t<\/div>\n\t\t\t\t\t<\/div>\n\t\t<\/section>\n\t\t\t\t<\/div>","protected":false},"excerpt":{"rendered":"<p>Toimitusehdot Tilaus- ja toimitusehdot Pomppulinnaparkin verkkokauppa on Irti Maasta Oy:n (Y-tunnus: 2659037-9, c\/o Kummelipolku 5a, 02330 Espoo) yll\u00e4pit\u00e4m\u00e4 verkkopalvelu, josta voit ostaa arvolahjakortteja ja sis\u00e4\u00e4np\u00e4\u00e4sytuotteita kuten sarjalippuja sek\u00e4 kulloinkin saatavilla olevia kampanjatuotteita kuten passit tai kampanjahintaiset sarjaliput. Verkkokaupan k\u00e4ytt\u00e4minen ei edellyt\u00e4 rekister\u00f6itymist\u00e4. K\u00e4ytt\u00e4m\u00e4ll\u00e4 verkkopalvelua sitoudut noudattamaan n\u00e4it\u00e4 ehtoja. N\u00e4iss\u00e4 ehdoissa Lipputuotteella tarkoitetaan verkkokaupassa maksettua sis\u00e4\u00e4np\u00e4\u00e4sy-, [&hellip;]<\/p>\n","protected":false},"author":2,"featured_media":0,"parent":0,"menu_order":0,"comment_status":"closed","ping_status":"closed","template":"elementor_header_footer","meta":{"_mo_disable_npp":"","footnotes":""},"class_list":["post-1660","page","type-page","status-publish","hentry"],"aioseo_notices":[],"_links":{"self":[{"href":"https:\/\/pomppulinnapark.fi\/en\/wp-json\/wp\/v2\/pages\/1660","targetHints":{"allow":["GET"]}}],"collection":[{"href":"https:\/\/pomppulinnapark.fi\/en\/wp-json\/wp\/v2\/pages"}],"about":[{"href":"https:\/\/pomppulinnapark.fi\/en\/wp-json\/wp\/v2\/types\/page"}],"author":[{"embeddable":true,"href":"https:\/\/pomppulinnapark.fi\/en\/wp-json\/wp\/v2\/users\/2"}],"replies":[{"embeddable":true,"href":"https:\/\/pomppulinnapark.fi\/en\/wp-json\/wp\/v2\/comments?post=1660"}],"version-history":[{"count":9,"href":"https:\/\/pomppulinnapark.fi\/en\/wp-json\/wp\/v2\/pages\/1660\/revisions"}],"predecessor-version":[{"id":3700,"href":"https:\/\/pomppulinnapark.fi\/en\/wp-json\/wp\/v2\/pages\/1660\/revisions\/3700"}],"wp:attachment":[{"href":"https:\/\/pomppulinnapark.fi\/en\/wp-json\/wp\/v2\/media?parent=1660"}],"curies":[{"name":"wp","href":"https:\/\/api.w.org\/{rel}","templated":true}]}}